{"id":10687,"date":"2024-05-18T10:24:20","date_gmt":"2024-05-18T10:24:20","guid":{"rendered":"https:\/\/marcyates.ma\/?post_type=product&#038;p=10687"},"modified":"2024-07-31T11:02:03","modified_gmt":"2024-07-31T11:02:03","slug":"tshirtclassiqueepais","status":"publish","type":"product","link":"https:\/\/marcyates.ma\/index.php\/product\/tshirtclassiqueepais\/","title":{"rendered":"T-\u2060Shirt Classique \u00c9pais"},"content":{"rendered":"<div class=\"details ng-binding ng-scope\">\n<div class=\"details ng-binding ng-scope\"><strong class=\"ng-binding\">GENRE:<\/strong>\u00a0Unisexe;Hommes<\/div>\n<div class=\"details fabric ng-binding ng-scope\"><strong class=\"ng-binding\">TISSU:<\/strong>\u00a0100% coton peign\u00e9 ringspun<\/div>\n<div class=\"details weight ng-binding ng-scope\"><strong class=\"ng-binding\">POIDS:<\/strong>\u00a0White: 210 g\/m\u00b2 Colours: 215 g\/m\u00b2<\/div>\n<div class=\"details sizes\" style=\"box-sizing: border-box; text-transform: uppercase; font-weight: bold; font-size: 16px; padding-bottom: 8px; color: #222222; font-family: futura-pt, sans-serif; font-style: normal; font-variant-ligatures: normal; font-variant-caps: normal; letter-spacing: 0.8px; orphans: 2; text-align: start; text-indent: 0px; widows: 2; word-spacing: 0px; -webkit-text-stroke-width: 0px; white-space: normal; background-color: #ffffff; text-decoration-thickness: initial; text-decoration-style: initial; text-decoration-color: initial; margin: 0px 0px unset 0px;\"><strong class=\"ng-binding\">TAILLES DISPONIBLES:<\/strong>\u00a0<span class=\"ng-scope\"><span class=\"ng-binding ng-scope\">S<\/span>\u00a0<\/span><span class=\"ng-scope\"><span class=\"ng-binding ng-scope\">&#8211; M<\/span>\u00a0<\/span><span class=\"ng-scope\"><span class=\"ng-binding ng-scope\">&#8211; L<\/span>\u00a0<\/span><span class=\"ng-scope\"><span class=\"ng-binding ng-scope\">&#8211; XL<\/span>\u00a0<\/span><span class=\"ng-scope\"><span class=\"ng-binding ng-scope\">&#8211; 2XL<\/span><\/span><\/div>\n<div class=\"details ng-binding ng-scope\"><strong class=\"ng-binding\">TEMP\u00c9RATURE DE LAVAGE:<\/strong>\u00a0Laundry wash at or below 40\u00b0C<\/div>\n<div class=\"details ng-binding ng-scope\"><strong class=\"ng-binding\">\u00c9TIQUETAGE:<\/strong>\u00a0Standard<\/div>\n<\/div>\n<p>&nbsp;<\/p>\n<p>T\u00e9l\u00e9charger la fiche technique <span style=\"color: #800000;\"><strong><a style=\"color: #800000;\" href=\"https:\/\/drive.google.com\/file\/d\/1jzD7_2xExgPDnr-dzrNZ1ghT6dCwMhsU\/view?usp=sharing\" target=\"_blank\" rel=\"noopener\">ici<\/a><\/strong><\/span><\/p>\n","protected":false},"excerpt":{"rendered":"<p>GENRE:\u00a0Unisexe;Hommes TISSU:\u00a0100% coton peign\u00e9 ringspun POIDS:\u00a0White: 210 g\/m\u00b2 Colours: 215 g\/m\u00b2 TAILLES DISPONIBLES:\u00a0S\u00a0&#8211; M\u00a0&#8211; L\u00a0&#8211; XL\u00a0&#8211; 2XL TEMP\u00c9RATURE DE LAVAGE:\u00a0Laundry wash at or below 40\u00b0C \u00c9TIQUETAGE:\u00a0Standard &nbsp; T\u00e9l\u00e9charger la fiche technique ici<\/p>\n","protected":false},"featured_media":10730,"template":"","meta":{"_seopress_robots_primary_cat":"none","_seopress_titles_title":"Valueweight T-Shirts","_seopress_titles_desc":"Notre collection Valueweight T, toujours tr\u00e8s populaire, comporte des mod\u00e8les pour hommes, femmes et enfants, d\u00e9clin\u00e9s en cols ras-du-cou, cols V.","_seopress_robots_index":"","_monsterinsights_skip_tracking":false,"_monsterinsights_sitenote_active":false,"_monsterinsights_sitenote_note":"","_monsterinsights_sitenote_category":0},"product_cat":[95],"product_tag":[],"jetpack_sharing_enabled":true,"_links":{"self":[{"href":"https:\/\/marcyates.ma\/index.php\/wp-json\/wp\/v2\/product\/10687"}],"collection":[{"href":"https:\/\/marcyates.ma\/index.php\/wp-json\/wp\/v2\/product"}],"about":[{"href":"https:\/\/marcyates.ma\/index.php\/wp-json\/wp\/v2\/types\/product"}],"version-history":[{"count":3,"href":"https:\/\/marcyates.ma\/index.php\/wp-json\/wp\/v2\/product\/10687\/revisions"}],"predecessor-version":[{"id":10773,"href":"https:\/\/marcyates.ma\/index.php\/wp-json\/wp\/v2\/product\/10687\/revisions\/10773"}],"wp:featuredmedia":[{"embeddable":true,"href":"https:\/\/marcyates.ma\/index.php\/wp-json\/wp\/v2\/media\/10730"}],"wp:attachment":[{"href":"https:\/\/marcyates.ma\/index.php\/wp-json\/wp\/v2\/media?parent=10687"}],"wp:term":[{"taxonomy":"product_cat","embeddable":true,"href":"https:\/\/marcyates.ma\/index.php\/wp-json\/wp\/v2\/product_cat?post=10687"},{"taxonomy":"product_tag","embeddable":true,"href":"https:\/\/marcyates.ma\/index.php\/wp-json\/wp\/v2\/product_tag?post=10687"}],"curies":[{"name":"wp","href":"https:\/\/api.w.org\/{rel}","templated":true}]}}