{"id":10959,"date":"2024-08-01T08:06:48","date_gmt":"2024-08-01T08:06:48","guid":{"rendered":"https:\/\/marcyates.ma\/?post_type=product&#038;p=10959"},"modified":"2024-08-01T08:12:04","modified_gmt":"2024-08-01T08:12:04","slug":"veste-et-pantalon-de-travail-bicolore-prossa","status":"publish","type":"product","link":"https:\/\/marcyates.ma\/index.php\/product\/veste-et-pantalon-de-travail-bicolore-prossa\/","title":{"rendered":"Veste et pantalon de travail bicolore \u2013 Prossa"},"content":{"rendered":"<p>Veste :<\/p>\n<p>\u2022 Mati\u00e8re : 60 % coton \/40 % polyester 245 g\/m\u00b2<br \/>\n\u2022 Col classique bande agrippante<br \/>\n\u2022 Serrage bas des manches par bande agrippante<br \/>\n\u2022 2 poches haut gauche range stylos<br \/>\n\u2022 1 poche haut gauche t\u00e9l\u00e9phone<br \/>\n\u2022 1 poche haut droit soufflet \u00e0 rabat avec agrippante<br \/>\n\u2022 1 poche haut droit attache cl\u00e9 sous poche droite<br \/>\n\u2022 1 poche bas gauche soufflet \u00e0 rabat fermeture par bande agrippante<br \/>\n\u2022 1 poche bas droit soufflet \u00e0 rabat, fermeture par bande agrippante<br \/>\n\u2022 1 poche bas droit \u00e0 fermeture glissi\u00e8re horizontale<\/p>\n<p>Pantalon :<\/p>\n<p>\u2022 Mati\u00e8re : 60 % coton \/40 % polyester 245 g\/m\u00b2<br \/>\n\u2022 Fermeture \u00e0 la taille par boutons et braguette \u00e0 fermeture \u00e0 glissi\u00e8re avec rabat<br \/>\n\u2022 Passants ceinture<br \/>\n\u2022 Serrage bandes agrippantes en bas des jambes<br \/>\n\u2022 2 poches devant repose-mains plaqu\u00e9es<br \/>\n\u2022 1 poche droite attache clef au-dessus<br \/>\n\u2022 3 poches droite dessous range-stylos<br \/>\n\u2022 1 poche derri\u00e8re droite plaqu\u00e9e \u00e0 rabat<br \/>\n\u2022 1 poche derri\u00e8re droite m\u00e8tre \u00e0 soufflet fermeture \u00e0 glissi\u00e8re (porte-m\u00e8tre au dessus)<br \/>\n\u2022 2 poches c\u00f4t\u00e9s jambes \u00e0 soufflet avec<br \/>\n\u2022 Emplacements pour genouill\u00e8re de protection<\/p>\n<p>&nbsp;<\/p>\n<p>T\u00e9l\u00e9charger la fiche technique <span style=\"color: #800000;\"><strong><a style=\"color: #800000;\" href=\"https:\/\/drive.google.com\/file\/d\/1ugmQROs3-Rt8Dqn7nz6rSO4pwbbhictf\/view?usp=sharing\" target=\"_blank\" rel=\"noopener\">ici<\/a><\/strong><\/span><\/p>\n","protected":false},"excerpt":{"rendered":"<p>Veste : \u2022 Mati\u00e8re : 60 % coton \/40 % polyester 245 g\/m\u00b2 \u2022 Col classique bande agrippante \u2022 Serrage bas des manches par bande agrippante \u2022 2 poches haut gauche range stylos \u2022 1 poche haut gauche t\u00e9l\u00e9phone \u2022 1 poche haut droit soufflet \u00e0 rabat avec agrippante \u2022 1 poche haut droit attache [&hellip;]<\/p>\n","protected":false},"featured_media":10962,"template":"","meta":{"_seopress_robots_primary_cat":"none","_seopress_titles_title":"Veste et pantalon de travail Prossa","_seopress_titles_desc":"V\u00eatement de travail veste et pantalon pour tous milieux de travail salissants. Parfait pour travaux d'usine, chantier, entrep\u00f4t.  %%post_excerpt%%","_seopress_robots_index":"","_monsterinsights_skip_tracking":false,"_monsterinsights_sitenote_active":false,"_monsterinsights_sitenote_note":"","_monsterinsights_sitenote_category":0},"product_cat":[178],"product_tag":[],"jetpack_sharing_enabled":true,"_links":{"self":[{"href":"https:\/\/marcyates.ma\/index.php\/wp-json\/wp\/v2\/product\/10959"}],"collection":[{"href":"https:\/\/marcyates.ma\/index.php\/wp-json\/wp\/v2\/product"}],"about":[{"href":"https:\/\/marcyates.ma\/index.php\/wp-json\/wp\/v2\/types\/product"}],"version-history":[{"count":4,"href":"https:\/\/marcyates.ma\/index.php\/wp-json\/wp\/v2\/product\/10959\/revisions"}],"predecessor-version":[{"id":10969,"href":"https:\/\/marcyates.ma\/index.php\/wp-json\/wp\/v2\/product\/10959\/revisions\/10969"}],"wp:featuredmedia":[{"embeddable":true,"href":"https:\/\/marcyates.ma\/index.php\/wp-json\/wp\/v2\/media\/10962"}],"wp:attachment":[{"href":"https:\/\/marcyates.ma\/index.php\/wp-json\/wp\/v2\/media?parent=10959"}],"wp:term":[{"taxonomy":"product_cat","embeddable":true,"href":"https:\/\/marcyates.ma\/index.php\/wp-json\/wp\/v2\/product_cat?post=10959"},{"taxonomy":"product_tag","embeddable":true,"href":"https:\/\/marcyates.ma\/index.php\/wp-json\/wp\/v2\/product_tag?post=10959"}],"curies":[{"name":"wp","href":"https:\/\/api.w.org\/{rel}","templated":true}]}}