{"id":10970,"date":"2024-08-01T08:16:31","date_gmt":"2024-08-01T08:16:31","guid":{"rendered":"https:\/\/marcyates.ma\/?post_type=product&#038;p=10970"},"modified":"2024-08-01T08:24:18","modified_gmt":"2024-08-01T08:24:18","slug":"veste-pantalon-jackhammer","status":"publish","type":"product","link":"https:\/\/marcyates.ma\/index.php\/product\/veste-pantalon-jackhammer\/","title":{"rendered":"Veste pantalon Jackhammer"},"content":{"rendered":"<p>Veste :<\/p>\n<p>Une veste de travail au look fort et \u00e9pur\u00e9 pens\u00e9e pour apporter un maximum de confort aux professionnels intervenant dans les univers industriels et techniques.<br \/>\nCol chevali\u00e8re, fermeture par glissi\u00e8re sous patte pressionn\u00e9e, poche poitrine avec rabat velcro + compartiment crayon \u00e0 droite, poche poitrine fermeture par velcro \u00e0 gauche, 1 poche portefeuille fermeture par velcro, 2 poches bas pr\u00e9form\u00e9es.<\/p>\n<p>Serge 200 gr\/m2, 65%Polyester, 35% Cotton<\/p>\n<p>Pantalon :<\/p>\n<p>Taille semi-\u00e9lastiqu\u00e9e, braguette fermeture \u00e0 glissi\u00e8re, 2 poche italiennes, 1 poche arri\u00e8re, 1 poche cuisse avec soufflets ferm\u00e9e par rabat.<\/p>\n<p>Serge 240 gr\/m2, 65%Polyester, 35% Cotton<\/p>\n<p>&nbsp;<\/p>\n<p>T\u00e9l\u00e9charger la fiche technique <span style=\"color: #800000;\"><strong><a style=\"color: #800000;\" href=\"https:\/\/drive.google.com\/file\/d\/1DApObHNpPM5IFZkHsnXdBFqHNWzZ-tK2\/view?usp=drive_link\" target=\"_blank\" rel=\"noopener\">ici<\/a><\/strong><\/span><\/p>\n","protected":false},"excerpt":{"rendered":"<p>Veste : Une veste de travail au look fort et \u00e9pur\u00e9 pens\u00e9e pour apporter un maximum de confort aux professionnels intervenant dans les univers industriels et techniques. Col chevali\u00e8re, fermeture par glissi\u00e8re sous patte pressionn\u00e9e, poche poitrine avec rabat velcro + compartiment crayon \u00e0 droite, poche poitrine fermeture par velcro \u00e0 gauche, 1 poche portefeuille [&hellip;]<\/p>\n","protected":false},"featured_media":10989,"template":"","meta":{"_seopress_robots_primary_cat":"none","_seopress_titles_title":"Veste pantalon Jackhammer","_seopress_titles_desc":"Une veste de travail au look fort et \u00e9pur\u00e9 pens\u00e9e pour apporter un maximum de confort aux professionnels intervenant dans les univers industriels et techniques.\r\nCol chevali\u00e8re, fermeture par glissi\u00e8re sous patte pressionn\u00e9e, poche poitrine avec rabat velcro + compartiment crayon \u00e0 droite, poche poitrine fermeture par velcro \u00e0 gauche, 1 poche portefeuille fermeture par velcro, 2 poches bas pr\u00e9form\u00e9es.","_seopress_robots_index":"","_monsterinsights_skip_tracking":false,"_monsterinsights_sitenote_active":false,"_monsterinsights_sitenote_note":"","_monsterinsights_sitenote_category":0},"product_cat":[178],"product_tag":[],"jetpack_sharing_enabled":true,"_links":{"self":[{"href":"https:\/\/marcyates.ma\/index.php\/wp-json\/wp\/v2\/product\/10970"}],"collection":[{"href":"https:\/\/marcyates.ma\/index.php\/wp-json\/wp\/v2\/product"}],"about":[{"href":"https:\/\/marcyates.ma\/index.php\/wp-json\/wp\/v2\/types\/product"}],"version-history":[{"count":1,"href":"https:\/\/marcyates.ma\/index.php\/wp-json\/wp\/v2\/product\/10970\/revisions"}],"predecessor-version":[{"id":10973,"href":"https:\/\/marcyates.ma\/index.php\/wp-json\/wp\/v2\/product\/10970\/revisions\/10973"}],"wp:featuredmedia":[{"embeddable":true,"href":"https:\/\/marcyates.ma\/index.php\/wp-json\/wp\/v2\/media\/10989"}],"wp:attachment":[{"href":"https:\/\/marcyates.ma\/index.php\/wp-json\/wp\/v2\/media?parent=10970"}],"wp:term":[{"taxonomy":"product_cat","embeddable":true,"href":"https:\/\/marcyates.ma\/index.php\/wp-json\/wp\/v2\/product_cat?post=10970"},{"taxonomy":"product_tag","embeddable":true,"href":"https:\/\/marcyates.ma\/index.php\/wp-json\/wp\/v2\/product_tag?post=10970"}],"curies":[{"name":"wp","href":"https:\/\/api.w.org\/{rel}","templated":true}]}}