{"id":11009,"date":"2024-08-02T08:20:46","date_gmt":"2024-08-02T08:20:46","guid":{"rendered":"https:\/\/marcyates.ma\/?post_type=product&#038;p=11009"},"modified":"2024-08-02T09:32:05","modified_gmt":"2024-08-02T09:32:05","slug":"veste-pantalon-de-travail","status":"publish","type":"product","link":"https:\/\/marcyates.ma\/index.php\/product\/veste-pantalon-de-travail\/","title":{"rendered":"Veste pantalon de travail"},"content":{"rendered":"<p>Veste :<\/p>\n<ul>\n<li>Col Mao<\/li>\n<li>5 boutons classiques<\/li>\n<li>3 poches avant plaqu\u00e9es<\/li>\n<li>1 poche int\u00e9rieure<\/li>\n<li>Traditionnel et Authentique<\/li>\n<li>Qualit\u00e9 Sup\u00e9rieure<\/li>\n<li>100% coton Bleu indigo brut<\/li>\n<\/ul>\n<p>Pantalon :<\/p>\n<ul>\n<li>Coupe Classique<\/li>\n<li>Taille r\u00e9glable<\/li>\n<li>Braguette boutonn\u00e9e<\/li>\n<li>2 poches en biais<\/li>\n<li>1 poche arri\u00e8re \u00e0 bouton<\/li>\n<\/ul>\n<p>T\u00e9l\u00e9charger la fiche technique <span style=\"color: #800000;\"><strong><a style=\"color: #800000;\" href=\"https:\/\/drive.google.com\/file\/d\/1FyTgI33dlEjCDSFWRgOD3BDnQ6YiVYb3\/view?usp=drive_link\" target=\"_blank\" rel=\"noopener\">ici<\/a><\/strong><\/span><\/p>\n","protected":false},"excerpt":{"rendered":"<p>Veste : Col Mao 5 boutons classiques 3 poches avant plaqu\u00e9es 1 poche int\u00e9rieure Traditionnel et Authentique Qualit\u00e9 Sup\u00e9rieure 100% coton Bleu indigo brut Pantalon : Coupe Classique Taille r\u00e9glable Braguette boutonn\u00e9e 2 poches en biais 1 poche arri\u00e8re \u00e0 bouton T\u00e9l\u00e9charger la fiche technique ici<\/p>\n","protected":false},"featured_media":11013,"template":"","meta":{"_seopress_robots_primary_cat":"none","_seopress_titles_title":"Veste pantalon de travail","_seopress_titles_desc":"Col Mao\r\n\r\n5 boutons classiques\r\n\u00a03 poches avant plaqu\u00e9es\r\n\r\n1 poche int\u00e9rieure\r\n\r\nTraditionnel et Authentique\r\n\r\nQualit\u00e9 Sup\u00e9rieure\r\n\r\n100% coton Bleu indigo brut","_seopress_robots_index":"","_monsterinsights_skip_tracking":false,"_monsterinsights_sitenote_active":false,"_monsterinsights_sitenote_note":"","_monsterinsights_sitenote_category":0},"product_cat":[178],"product_tag":[],"jetpack_sharing_enabled":true,"_links":{"self":[{"href":"https:\/\/marcyates.ma\/index.php\/wp-json\/wp\/v2\/product\/11009"}],"collection":[{"href":"https:\/\/marcyates.ma\/index.php\/wp-json\/wp\/v2\/product"}],"about":[{"href":"https:\/\/marcyates.ma\/index.php\/wp-json\/wp\/v2\/types\/product"}],"version-history":[{"count":2,"href":"https:\/\/marcyates.ma\/index.php\/wp-json\/wp\/v2\/product\/11009\/revisions"}],"predecessor-version":[{"id":11016,"href":"https:\/\/marcyates.ma\/index.php\/wp-json\/wp\/v2\/product\/11009\/revisions\/11016"}],"wp:featuredmedia":[{"embeddable":true,"href":"https:\/\/marcyates.ma\/index.php\/wp-json\/wp\/v2\/media\/11013"}],"wp:attachment":[{"href":"https:\/\/marcyates.ma\/index.php\/wp-json\/wp\/v2\/media?parent=11009"}],"wp:term":[{"taxonomy":"product_cat","embeddable":true,"href":"https:\/\/marcyates.ma\/index.php\/wp-json\/wp\/v2\/product_cat?post=11009"},{"taxonomy":"product_tag","embeddable":true,"href":"https:\/\/marcyates.ma\/index.php\/wp-json\/wp\/v2\/product_tag?post=11009"}],"curies":[{"name":"wp","href":"https:\/\/api.w.org\/{rel}","templated":true}]}}