{"id":7156,"date":"2024-03-29T02:09:34","date_gmt":"2024-03-29T02:09:34","guid":{"rendered":"https:\/\/marcyates.ma\/?post_type=product&#038;p=7156"},"modified":"2024-05-09T09:16:28","modified_gmt":"2024-05-09T09:16:28","slug":"premium","status":"publish","type":"product","link":"https:\/\/marcyates.ma\/index.php\/product\/premium\/","title":{"rendered":"Premium set in sweat"},"content":{"rendered":"<div class=\"details ng-binding ng-scope\"><strong class=\"ng-binding\">GENRE:<\/strong>\u00a0Unisexe;Hommes<\/div>\n<div class=\"details ng-binding ng-scope\"><strong class=\"ng-binding\">TISSU:<\/strong>\u00a070% coton, 30% polyester<\/div>\n<div class=\"details weight ng-binding ng-scope\"><strong class=\"ng-binding\">POIDS:<\/strong>\u00a0White &amp; Heather Grey: 260 g\/m\u00b2 Colours: 280 g\/m\u00b2<\/div>\n<div class=\"details weight ng-binding ng-scope\"><strong class=\"ng-binding\"><span style=\"font-family: futura-pt, sans-serif;\">TAILLES DISPONIBLES<\/span>:<\/strong> S &#8211; M &#8211; L &#8211; XL &#8211; 2XL<\/div>\n<div class=\"details weight ng-binding ng-scope\"><strong class=\"ng-binding\">TEMP\u00c9RATURE DE LAVAGE:<\/strong>\u00a0Laundry wash at or below 40\u00b0C<\/div>\n<div class=\"details weight ng-binding ng-scope\"><strong class=\"ng-binding\">\u00c9TIQUETAGE:<\/strong>\u00a0Tear Away<\/div>\n<div><\/div>\n<div>T\u00e9l\u00e9charger la fiche technique <strong><span style=\"color: #800000;\"><a style=\"color: #800000;\" href=\"https:\/\/marcyates.ma\/wp-content\/uploads\/2024\/04\/0621540.pdf\" target=\"_blank\" rel=\"noopener\">ici<\/a><\/span><\/strong><\/div>\n","protected":false},"excerpt":{"rendered":"<p>GENRE:\u00a0Unisexe;Hommes TISSU:\u00a070% coton, 30% polyester POIDS:\u00a0White &amp; Heather Grey: 260 g\/m\u00b2 Colours: 280 g\/m\u00b2 TAILLES DISPONIBLES: S &#8211; M &#8211; L &#8211; XL &#8211; 2XL TEMP\u00c9RATURE DE LAVAGE:\u00a0Laundry wash at or below 40\u00b0C \u00c9TIQUETAGE:\u00a0Tear Away T\u00e9l\u00e9charger la fiche technique ici<\/p>\n","protected":false},"featured_media":7159,"template":"","meta":{"_seopress_robots_primary_cat":"none","_seopress_titles_title":"Classic Set-in Sweat","_seopress_titles_desc":"Notre collection Classic Sweats en molleton gratt\u00e9 de 280 gr\/m\u00b2 est la gamme de\r\nr\u00e9f\u00e9rence pour tous vos besoins quotidiens en mati\u00e8re de sweats. Nous vous proposons\r\ndes tailles jusqu\u2019\u00e0 la taille 3XL dans tous les coloris Classic Sweats, et jusqu\u2019\u00e0 la taille 5XL\r\ndans nos coloris et mod\u00e8les les plus appr\u00e9ci\u00e9s : \u00e0 chacun son Classic !","_seopress_robots_index":"","_monsterinsights_skip_tracking":false,"_monsterinsights_sitenote_active":false,"_monsterinsights_sitenote_note":"","_monsterinsights_sitenote_category":0},"product_cat":[75],"product_tag":[],"jetpack_sharing_enabled":true,"_links":{"self":[{"href":"https:\/\/marcyates.ma\/index.php\/wp-json\/wp\/v2\/product\/7156"}],"collection":[{"href":"https:\/\/marcyates.ma\/index.php\/wp-json\/wp\/v2\/product"}],"about":[{"href":"https:\/\/marcyates.ma\/index.php\/wp-json\/wp\/v2\/types\/product"}],"version-history":[{"count":9,"href":"https:\/\/marcyates.ma\/index.php\/wp-json\/wp\/v2\/product\/7156\/revisions"}],"predecessor-version":[{"id":10567,"href":"https:\/\/marcyates.ma\/index.php\/wp-json\/wp\/v2\/product\/7156\/revisions\/10567"}],"wp:featuredmedia":[{"embeddable":true,"href":"https:\/\/marcyates.ma\/index.php\/wp-json\/wp\/v2\/media\/7159"}],"wp:attachment":[{"href":"https:\/\/marcyates.ma\/index.php\/wp-json\/wp\/v2\/media?parent=7156"}],"wp:term":[{"taxonomy":"product_cat","embeddable":true,"href":"https:\/\/marcyates.ma\/index.php\/wp-json\/wp\/v2\/product_cat?post=7156"},{"taxonomy":"product_tag","embeddable":true,"href":"https:\/\/marcyates.ma\/index.php\/wp-json\/wp\/v2\/product_tag?post=7156"}],"curies":[{"name":"wp","href":"https:\/\/api.w.org\/{rel}","templated":true}]}}