{"id":7508,"date":"2024-03-31T05:13:15","date_gmt":"2024-03-31T05:13:15","guid":{"rendered":"https:\/\/marcyates.ma\/?post_type=product&#038;p=7508"},"modified":"2024-05-09T09:15:58","modified_gmt":"2024-05-09T09:15:58","slug":"classic-hooded-sweat-jacket","status":"publish","type":"product","link":"https:\/\/marcyates.ma\/index.php\/product\/classic-hooded-sweat-jacket\/","title":{"rendered":"Classic Hooded Sweat Jacket (sweat \u00e0 capuche avec Zip)"},"content":{"rendered":"<div class=\"details ng-binding ng-scope\"><strong class=\"ng-binding\">GENRE:<\/strong>\u00a0Unisexe;Hommes<\/div>\n<div class=\"details fabric ng-binding ng-scope\"><strong class=\"ng-binding\">TISSU:<\/strong>\u00a080% coton, 20% polyester*;*HD 60% coton, 40% polyester<\/div>\n<div class=\"details weight ng-binding ng-scope\"><strong class=\"ng-binding\">POIDS:<\/strong>\u00a0White &amp; Heather Grey: 260 g\/m\u00b2 Colours: 280 g\/m\u00b2<span class=\"ng-scope\"><span class=\"ng-binding ng-scope\">S<\/span>\u00a0<\/span><span class=\"ng-scope\"><span class=\"ng-binding ng-scope\">&#8211; M<\/span>\u00a0<\/span><span class=\"ng-scope\"><span class=\"ng-binding ng-scope\">&#8211; L<\/span>\u00a0<\/span><span class=\"ng-scope\"><span class=\"ng-binding ng-scope\">&#8211; XL<\/span>\u00a0<\/span><span class=\"ng-scope\"><span class=\"ng-binding ng-scope\">&#8211; 2XL<\/span>\u00a0<\/span><span class=\"ng-scope\"><span class=\"ng-binding ng-scope\">&#8211; 3XL<\/span>\u00a0<\/span><span class=\"ng-scope\"><span class=\"ng-binding ng-scope\">&#8211; 4XL<\/span>\u00a0<\/span><span class=\"ng-scope\"><span class=\"ng-binding ng-scope\">&#8211; 5XL<\/span><\/span><\/div>\n<p class=\"details sizes\" style=\"box-sizing: border-box; text-transform: uppercase; font-weight: bold; font-size: 16px; padding-bottom: 8px; color: #222222; font-family: futura-pt, sans-serif; font-style: normal; font-variant-ligatures: normal; font-variant-caps: normal; letter-spacing: 0.8px; orphans: 2; text-align: start; text-indent: 0px; widows: 2; word-spacing: 0px; -webkit-text-stroke-width: 0px; white-space: normal; background-color: #ffffff; text-decoration-thickness: initial; text-decoration-style: initial; text-decoration-color: initial; margin: 0px 0px unset 0px;\"><strong class=\"ng-binding\">TAILLES DISPONIBLES:<\/strong> <span class=\"ng-scope\"><span class=\"ng-binding ng-scope\">S<\/span>\u00a0<\/span><span class=\"ng-scope\"><span class=\"ng-binding ng-scope\">&#8211; M<\/span>\u00a0<\/span><span class=\"ng-scope\"><span class=\"ng-binding ng-scope\">&#8211; L<\/span>\u00a0<\/span><span class=\"ng-scope\"><span class=\"ng-binding ng-scope\">&#8211; XL<\/span>\u00a0<\/span><span class=\"ng-scope\"><span class=\"ng-binding ng-scope\">&#8211; 2XL<\/span>\u00a0<\/span><span class=\"ng-scope\"><span class=\"ng-binding ng-scope\">&#8211; 3XL<\/span>\u00a0<\/span><span class=\"ng-scope\"><span class=\"ng-binding ng-scope\">&#8211; 4XL<\/span>\u00a0<\/span><span class=\"ng-scope\"><span class=\"ng-binding ng-scope\">&#8211; 5XL<\/span><\/span><\/p>\n<div class=\"details ng-binding ng-scope\"><strong class=\"ng-binding\">TEMP\u00c9RATURE DE LAVAGE:<\/strong>\u00a0Laundry wash at or below 40\u00b0C<\/div>\n<div class=\"details ng-binding ng-scope\"><strong class=\"ng-binding\">\u00c9TIQUETAGE:<\/strong>\u00a0Tear Away<\/div>\n<div><\/div>\n<div>T\u00e9l\u00e9charger la fiche technique <strong><span style=\"color: #800000;\"><a style=\"color: #800000;\" href=\"https:\/\/marcyates.ma\/wp-content\/uploads\/2024\/04\/0620620.pdf\" target=\"_blank\" rel=\"noopener\">ici<\/a><\/span><\/strong><\/div>\n","protected":false},"excerpt":{"rendered":"<p>GENRE:\u00a0Unisexe;Hommes TISSU:\u00a080% coton, 20% polyester*;*HD 60% coton, 40% polyester POIDS:\u00a0White &amp; Heather Grey: 260 g\/m\u00b2 Colours: 280 g\/m\u00b2S\u00a0&#8211; M\u00a0&#8211; L\u00a0&#8211; XL\u00a0&#8211; 2XL\u00a0&#8211; 3XL\u00a0&#8211; 4XL\u00a0&#8211; 5XL TAILLES DISPONIBLES: S\u00a0&#8211; M\u00a0&#8211; L\u00a0&#8211; XL\u00a0&#8211; 2XL\u00a0&#8211; 3XL\u00a0&#8211; 4XL\u00a0&#8211; 5XL TEMP\u00c9RATURE DE LAVAGE:\u00a0Laundry wash at or below 40\u00b0C \u00c9TIQUETAGE:\u00a0Tear Away T\u00e9l\u00e9charger la fiche technique ici<\/p>\n","protected":false},"featured_media":7526,"template":"","meta":{"_seopress_robots_primary_cat":"none","_seopress_titles_title":"Classic Hooded Sweat Jacket","_seopress_titles_desc":"Mod\u00e8les \u00e0 capuche, zipp\u00e9s, vestes, ensembles, \u00e0\r\nmanches raglan, pantalons de jogging \u00e0 ourlet\r\nouvert ou \u00e0 revers\u2026 Notre collection Classic Sweats\r\nvous propose tous les mod\u00e8les dont vous avez\r\nbesoin, dans un vaste \u00e9ventail de coloris.\r\nPlus\r\nd\u2019informations\r\nsur les\r\nClassic Sweats.\r\nVos vestes mises en\r\nvaleur superpos\u00e9es \u00e0\r\nnos t-shirts.","_seopress_robots_index":"","_monsterinsights_skip_tracking":false,"_monsterinsights_sitenote_active":false,"_monsterinsights_sitenote_note":"","_monsterinsights_sitenote_category":0},"product_cat":[75],"product_tag":[],"jetpack_sharing_enabled":true,"_links":{"self":[{"href":"https:\/\/marcyates.ma\/index.php\/wp-json\/wp\/v2\/product\/7508"}],"collection":[{"href":"https:\/\/marcyates.ma\/index.php\/wp-json\/wp\/v2\/product"}],"about":[{"href":"https:\/\/marcyates.ma\/index.php\/wp-json\/wp\/v2\/types\/product"}],"version-history":[{"count":9,"href":"https:\/\/marcyates.ma\/index.php\/wp-json\/wp\/v2\/product\/7508\/revisions"}],"predecessor-version":[{"id":10565,"href":"https:\/\/marcyates.ma\/index.php\/wp-json\/wp\/v2\/product\/7508\/revisions\/10565"}],"wp:featuredmedia":[{"embeddable":true,"href":"https:\/\/marcyates.ma\/index.php\/wp-json\/wp\/v2\/media\/7526"}],"wp:attachment":[{"href":"https:\/\/marcyates.ma\/index.php\/wp-json\/wp\/v2\/media?parent=7508"}],"wp:term":[{"taxonomy":"product_cat","embeddable":true,"href":"https:\/\/marcyates.ma\/index.php\/wp-json\/wp\/v2\/product_cat?post=7508"},{"taxonomy":"product_tag","embeddable":true,"href":"https:\/\/marcyates.ma\/index.php\/wp-json\/wp\/v2\/product_tag?post=7508"}],"curies":[{"name":"wp","href":"https:\/\/api.w.org\/{rel}","templated":true}]}}