{"id":7854,"date":"2024-04-02T00:56:20","date_gmt":"2024-04-02T00:56:20","guid":{"rendered":"https:\/\/marcyates.ma\/?post_type=product&#038;p=7854"},"modified":"2024-05-10T11:38:56","modified_gmt":"2024-05-10T11:38:56","slug":"super-premium-t","status":"publish","type":"product","link":"https:\/\/marcyates.ma\/index.php\/product\/super-premium-t\/","title":{"rendered":"Tshirt Super Premium T"},"content":{"rendered":"<div class=\"details ng-binding ng-scope\"><strong class=\"ng-binding\">GENRE:<\/strong>\u00a0Unisexe;Hommes<\/div>\n<div class=\"details fabric ng-binding ng-scope\"><strong class=\"ng-binding\">TISSU:<\/strong>\u00a0100% cotton*;*Ash 99% cotton,1% polyester *Heather Grey 97% cotton, 3% polyester)<\/div>\n<div class=\"details weight ng-binding ng-scope\"><strong class=\"ng-binding\">POIDS:<\/strong>\u00a0White: 190 g\/m\u00b2 Colours: 205 g\/m\u00b2<\/div>\n<div class=\"details sizes\" style=\"box-sizing: border-box; text-transform: uppercase; font-weight: bold; font-size: 16px; padding-bottom: 8px; color: #222222; font-family: futura-pt, sans-serif; font-style: normal; font-variant-ligatures: normal; font-variant-caps: normal; letter-spacing: 0.8px; orphans: 2; text-align: start; text-indent: 0px; widows: 2; word-spacing: 0px; -webkit-text-stroke-width: 0px; white-space: normal; background-color: #ffffff; text-decoration-thickness: initial; text-decoration-style: initial; text-decoration-color: initial; margin: 0px 0px unset 0px;\"><strong class=\"ng-binding\">TAILLES DISPONIBLES:<\/strong>\u00a0<span class=\"ng-scope\"><span class=\"ng-binding ng-scope\">S<\/span>\u00a0<\/span><span class=\"ng-scope\"><span class=\"ng-binding ng-scope\">&#8211; M<\/span>\u00a0<\/span><span class=\"ng-scope\"><span class=\"ng-binding ng-scope\">&#8211; L<\/span>\u00a0<\/span><span class=\"ng-scope\"><span class=\"ng-binding ng-scope\">&#8211; XL<\/span>\u00a0<\/span><span class=\"ng-scope\"><span class=\"ng-binding ng-scope\">&#8211; 2XL<\/span>\u00a0<\/span><span class=\"ng-scope\"><span class=\"ng-binding ng-scope\">&#8211; 3XL<\/span>\u00a0<\/span><span class=\"ng-scope\"><span class=\"ng-binding ng-scope\">&#8211; 4XL<\/span>\u00a0<\/span><span class=\"ng-scope\"><span class=\"ng-binding ng-scope\">&#8211; 5XL<\/span><\/span><\/div>\n<div class=\"details ng-binding ng-scope\"><strong class=\"ng-binding\">TEMP\u00c9RATURE DE LAVAGE:<\/strong>\u00a0Laundry wash at or below 60\u00b0C<\/div>\n<div class=\"details ng-binding ng-scope\"><strong class=\"ng-binding\">\u00c9TIQUETAGE:<\/strong>\u00a0Standard<\/div>\n<div><\/div>\n<div>T\u00e9l\u00e9charger la fiche technique <strong><span style=\"color: #800000;\"><a style=\"color: #800000;\" href=\"https:\/\/marcyates.ma\/wp-content\/uploads\/2024\/04\/Fiches-technique-fruit-of-the-loom-my-0610440.pdf\" target=\"_blank\" rel=\"noopener\">ici<\/a><\/span><\/strong><\/div>\n","protected":false},"excerpt":{"rendered":"<p>GENRE:\u00a0Unisexe;Hommes TISSU:\u00a0100% cotton*;*Ash 99% cotton,1% polyester *Heather Grey 97% cotton, 3% polyester) POIDS:\u00a0White: 190 g\/m\u00b2 Colours: 205 g\/m\u00b2 TAILLES DISPONIBLES:\u00a0S\u00a0&#8211; M\u00a0&#8211; L\u00a0&#8211; XL\u00a0&#8211; 2XL\u00a0&#8211; 3XL\u00a0&#8211; 4XL\u00a0&#8211; 5XL TEMP\u00c9RATURE DE LAVAGE:\u00a0Laundry wash at or below 60\u00b0C \u00c9TIQUETAGE:\u00a0Standard T\u00e9l\u00e9charger la fiche technique ici<\/p>\n","protected":false},"featured_media":7874,"template":"","meta":{"_seopress_robots_primary_cat":"none","_seopress_titles_title":"Super Premium T-shirt","_seopress_titles_desc":"Un t-shirt de coupe classique en coton \u00e0 fort grammage, \u00e0 la fois confortable et r\u00e9sistant, que vous porterez encore et encore. Impression excellente, con\u00e7u pour des lavages r\u00e9p\u00e9t\u00e9s, m\u00eame \u00e0 60\u00b0C.","_seopress_robots_index":"","_monsterinsights_skip_tracking":false,"_monsterinsights_sitenote_active":false,"_monsterinsights_sitenote_note":"","_monsterinsights_sitenote_category":0},"product_cat":[95],"product_tag":[],"jetpack_sharing_enabled":true,"_links":{"self":[{"href":"https:\/\/marcyates.ma\/index.php\/wp-json\/wp\/v2\/product\/7854"}],"collection":[{"href":"https:\/\/marcyates.ma\/index.php\/wp-json\/wp\/v2\/product"}],"about":[{"href":"https:\/\/marcyates.ma\/index.php\/wp-json\/wp\/v2\/types\/product"}],"version-history":[{"count":4,"href":"https:\/\/marcyates.ma\/index.php\/wp-json\/wp\/v2\/product\/7854\/revisions"}],"predecessor-version":[{"id":10624,"href":"https:\/\/marcyates.ma\/index.php\/wp-json\/wp\/v2\/product\/7854\/revisions\/10624"}],"wp:featuredmedia":[{"embeddable":true,"href":"https:\/\/marcyates.ma\/index.php\/wp-json\/wp\/v2\/media\/7874"}],"wp:attachment":[{"href":"https:\/\/marcyates.ma\/index.php\/wp-json\/wp\/v2\/media?parent=7854"}],"wp:term":[{"taxonomy":"product_cat","embeddable":true,"href":"https:\/\/marcyates.ma\/index.php\/wp-json\/wp\/v2\/product_cat?post=7854"},{"taxonomy":"product_tag","embeddable":true,"href":"https:\/\/marcyates.ma\/index.php\/wp-json\/wp\/v2\/product_tag?post=7854"}],"curies":[{"name":"wp","href":"https:\/\/api.w.org\/{rel}","templated":true}]}}