{"id":7875,"date":"2024-04-02T01:36:01","date_gmt":"2024-04-02T01:36:01","guid":{"rendered":"https:\/\/marcyates.ma\/?post_type=product&#038;p=7875"},"modified":"2024-05-10T11:38:23","modified_gmt":"2024-05-10T11:38:23","slug":"heavy-t","status":"publish","type":"product","link":"https:\/\/marcyates.ma\/index.php\/product\/heavy-t\/","title":{"rendered":"Tshirt Heavy T"},"content":{"rendered":"<div class=\"details ng-binding ng-scope\"><strong class=\"ng-binding\">GENRE:<\/strong>\u00a0Unisexe;Hommes<\/div>\n<div class=\"details fabric ng-binding ng-scope\"><strong class=\"ng-binding\">TISSU:<\/strong>\u00a0100% coton*;*Gris Chin\u00e9 97% coton, 3% polyester<\/div>\n<div class=\"details weight ng-binding ng-scope\"><strong class=\"ng-binding\">POIDS:<\/strong>\u00a0White: 185 g\/m\u00b2 Colours: 195 g\/m\u00b2<\/div>\n<div class=\"details sizes\" style=\"box-sizing: border-box; text-transform: uppercase; font-weight: bold; font-size: 16px; padding-bottom: 8px; color: #222222; font-family: futura-pt, sans-serif; font-style: normal; font-variant-ligatures: normal; font-variant-caps: normal; letter-spacing: 0.8px; orphans: 2; text-align: start; text-indent: 0px; widows: 2; word-spacing: 0px; -webkit-text-stroke-width: 0px; white-space: normal; background-color: #ffffff; text-decoration-thickness: initial; text-decoration-style: initial; text-decoration-color: initial; margin: 0px 0px unset 0px;\"><strong class=\"ng-binding\">TAILLES DISPONIBLES:<\/strong>\u00a0<span class=\"ng-scope\"><span class=\"ng-binding ng-scope\">S<\/span>\u00a0<\/span><span class=\"ng-scope\"><span class=\"ng-binding ng-scope\">&#8211; M<\/span>\u00a0<\/span><span class=\"ng-scope\"><span class=\"ng-binding ng-scope\">&#8211; L<\/span>\u00a0<\/span><span class=\"ng-scope\"><span class=\"ng-binding ng-scope\">&#8211; XL<\/span>\u00a0<\/span><span class=\"ng-scope\"><span class=\"ng-binding ng-scope\">&#8211; 2XL<\/span>\u00a0<\/span><span class=\"ng-scope\"><span class=\"ng-binding ng-scope\">&#8211; 3XL<\/span><\/span><\/div>\n<div class=\"details ng-binding ng-scope\"><strong class=\"ng-binding\">TEMP\u00c9RATURE DE LAVAGE:<\/strong>\u00a0Laundry wash at or below 40\u00b0C<\/div>\n<div class=\"details ng-binding ng-scope\"><strong class=\"ng-binding\">\u00c9TIQUETAGE:<\/strong>\u00a0Tear Away<\/div>\n<div><\/div>\n<div>T\u00e9l\u00e9charger la fiche technique <strong><span style=\"color: #800000;\"><a style=\"color: #800000;\" href=\"https:\/\/marcyates.ma\/wp-content\/uploads\/2024\/04\/Fiches-technique-fruit-of-the-loom-my-0612120.pdf\" target=\"_blank\" rel=\"noopener\">ici<\/a><\/span><\/strong><\/div>\n","protected":false},"excerpt":{"rendered":"<p>GENRE:\u00a0Unisexe;Hommes TISSU:\u00a0100% coton*;*Gris Chin\u00e9 97% coton, 3% polyester POIDS:\u00a0White: 185 g\/m\u00b2 Colours: 195 g\/m\u00b2 TAILLES DISPONIBLES:\u00a0S\u00a0&#8211; M\u00a0&#8211; L\u00a0&#8211; XL\u00a0&#8211; 2XL\u00a0&#8211; 3XL TEMP\u00c9RATURE DE LAVAGE:\u00a0Laundry wash at or below 40\u00b0C \u00c9TIQUETAGE:\u00a0Tear Away T\u00e9l\u00e9charger la fiche technique ici<\/p>\n","protected":false},"featured_media":7887,"template":"","meta":{"_seopress_robots_primary_cat":"none","_seopress_titles_title":"Heavy T-shirt","_seopress_titles_desc":"Vous cherchez un t-shirt robuste, \u00e0 la fois \u00e9l\u00e9gant et confortable ?\r\nDe conception classique \u00e0 col ras-du-cou c\u00f4tel\u00e9, notre Heavy T est un mod\u00e8le \u00e9prouv\u00e9, dot\u00e9 d\u2019une bande de propret\u00e9 \u00e0 l\u2019arri\u00e8re du cou pour plus de confort.","_seopress_robots_index":"","_monsterinsights_skip_tracking":false,"_monsterinsights_sitenote_active":false,"_monsterinsights_sitenote_note":"","_monsterinsights_sitenote_category":0},"product_cat":[95],"product_tag":[],"jetpack_sharing_enabled":true,"_links":{"self":[{"href":"https:\/\/marcyates.ma\/index.php\/wp-json\/wp\/v2\/product\/7875"}],"collection":[{"href":"https:\/\/marcyates.ma\/index.php\/wp-json\/wp\/v2\/product"}],"about":[{"href":"https:\/\/marcyates.ma\/index.php\/wp-json\/wp\/v2\/types\/product"}],"version-history":[{"count":4,"href":"https:\/\/marcyates.ma\/index.php\/wp-json\/wp\/v2\/product\/7875\/revisions"}],"predecessor-version":[{"id":10623,"href":"https:\/\/marcyates.ma\/index.php\/wp-json\/wp\/v2\/product\/7875\/revisions\/10623"}],"wp:featuredmedia":[{"embeddable":true,"href":"https:\/\/marcyates.ma\/index.php\/wp-json\/wp\/v2\/media\/7887"}],"wp:attachment":[{"href":"https:\/\/marcyates.ma\/index.php\/wp-json\/wp\/v2\/media?parent=7875"}],"wp:term":[{"taxonomy":"product_cat","embeddable":true,"href":"https:\/\/marcyates.ma\/index.php\/wp-json\/wp\/v2\/product_cat?post=7875"},{"taxonomy":"product_tag","embeddable":true,"href":"https:\/\/marcyates.ma\/index.php\/wp-json\/wp\/v2\/product_tag?post=7875"}],"curies":[{"name":"wp","href":"https:\/\/api.w.org\/{rel}","templated":true}]}}