{"id":8015,"date":"2024-04-06T06:05:48","date_gmt":"2024-04-06T06:05:48","guid":{"rendered":"https:\/\/marcyates.ma\/?post_type=product&#038;p=8015"},"modified":"2024-05-10T11:37:03","modified_gmt":"2024-05-10T11:37:03","slug":"65-35-heavy-polo","status":"publish","type":"product","link":"https:\/\/marcyates.ma\/index.php\/product\/65-35-heavy-polo\/","title":{"rendered":"65\/35 Heavy Polo"},"content":{"rendered":"<div class=\"details ng-binding ng-scope\"><strong class=\"ng-binding\">GENRE:<\/strong>\u00a0Unisexe;Hommes<\/div>\n<div class=\"details fabric ng-binding ng-scope\"><strong class=\"ng-binding\">TISSU:<\/strong>\u00a0Piqu\u00e9e facile \u00e0 entretenir, 65% polyester, 35% coton<\/div>\n<div class=\"details weight ng-binding ng-scope\"><strong class=\"ng-binding\">POIDS:<\/strong>\u00a0White: 220 g\/m\u00b2 Colours: 230 g\/m\u00b2<\/div>\n<div class=\"details sizes\" style=\"box-sizing: border-box; text-transform: uppercase; font-weight: bold; font-size: 16px; padding-bottom: 8px; color: #222222; font-family: futura-pt, sans-serif; font-style: normal; font-variant-ligatures: normal; font-variant-caps: normal; letter-spacing: 0.8px; orphans: 2; text-align: start; text-indent: 0px; widows: 2; word-spacing: 0px; -webkit-text-stroke-width: 0px; white-space: normal; background-color: #ffffff; text-decoration-thickness: initial; text-decoration-style: initial; text-decoration-color: initial; margin: 0px 0px unset 0px;\"><strong class=\"ng-binding\">TAILLES DISPONIBLES:<\/strong>\u00a0<span class=\"ng-scope\"><span class=\"ng-binding ng-scope\">S<\/span>\u00a0<\/span><span class=\"ng-scope\"><span class=\"ng-binding ng-scope\">&#8211; M<\/span>\u00a0<\/span><span class=\"ng-scope\"><span class=\"ng-binding ng-scope\">&#8211; L<\/span>\u00a0<\/span><span class=\"ng-scope\"><span class=\"ng-binding ng-scope\">&#8211; XL<\/span>\u00a0<\/span><span class=\"ng-scope\"><span class=\"ng-binding ng-scope\">&#8211; 2XL<\/span>\u00a0<\/span><span class=\"ng-scope\"><span class=\"ng-binding ng-scope\">&#8211; 3XL<\/span><\/span><\/div>\n<div class=\"details ng-binding ng-scope\"><strong class=\"ng-binding\">TEMP\u00c9RATURE DE LAVAGE:<\/strong>\u00a0Laundry wash at or below 60\u00b0C<\/div>\n<div class=\"details ng-binding ng-scope\"><strong class=\"ng-binding\">\u00c9TIQUETAGE:<\/strong>\u00a0Standard<\/div>\n<div><\/div>\n<div>T\u00e9l\u00e9charger la fiche technique <strong><span style=\"color: #800000;\"><a style=\"color: #800000;\" href=\"https:\/\/marcyates.ma\/wp-content\/uploads\/2024\/04\/Fiches-technique-fruit-of-the-loom-my-0632040.pdf\" target=\"_blank\" rel=\"noopener\">ici<\/a><\/span><\/strong><\/div>\n","protected":false},"excerpt":{"rendered":"<p>GENRE:\u00a0Unisexe;Hommes TISSU:\u00a0Piqu\u00e9e facile \u00e0 entretenir, 65% polyester, 35% coton POIDS:\u00a0White: 220 g\/m\u00b2 Colours: 230 g\/m\u00b2 TAILLES DISPONIBLES:\u00a0S\u00a0&#8211; M\u00a0&#8211; L\u00a0&#8211; XL\u00a0&#8211; 2XL\u00a0&#8211; 3XL TEMP\u00c9RATURE DE LAVAGE:\u00a0Laundry wash at or below 60\u00b0C \u00c9TIQUETAGE:\u00a0Standard T\u00e9l\u00e9charger la fiche technique ici<\/p>\n","protected":false},"featured_media":8031,"template":"","meta":{"_seopress_robots_primary_cat":"none","_seopress_titles_title":"65\/35 Heavy Polo","_seopress_titles_desc":"Les polos sont des tenues workwear polyvalentes et pratiques,\r\nqui conf\u00e8rent une apparence \u00e9l\u00e9gante et professionnelle tout\r\nen \u00e9tant confortables et r\u00e9sistants. Gr\u00e2ce \u00e0 un vaste choix\r\nde coloris, notre collection de polos est le choix id\u00e9al pour\r\ntous types d\u2019environnements de travail, comme la vente au\r\nd\u00e9tail, l\u2019h\u00f4tellerie et l\u2019entreprise. Naturellement, tous nos polos\r\nsont con\u00e7us pour \u00eatre personnalis\u00e9s. Des tenues workwear\r\n\u00e9l\u00e9gantes et distinctives sont un excellent moyen de v\u00e9hiculer\r\nune image professionnelle de qualit\u00e9.","_seopress_robots_index":"","_monsterinsights_skip_tracking":false,"_monsterinsights_sitenote_active":false,"_monsterinsights_sitenote_note":"","_monsterinsights_sitenote_category":0},"product_cat":[73],"product_tag":[],"jetpack_sharing_enabled":true,"_links":{"self":[{"href":"https:\/\/marcyates.ma\/index.php\/wp-json\/wp\/v2\/product\/8015"}],"collection":[{"href":"https:\/\/marcyates.ma\/index.php\/wp-json\/wp\/v2\/product"}],"about":[{"href":"https:\/\/marcyates.ma\/index.php\/wp-json\/wp\/v2\/types\/product"}],"version-history":[{"count":4,"href":"https:\/\/marcyates.ma\/index.php\/wp-json\/wp\/v2\/product\/8015\/revisions"}],"predecessor-version":[{"id":10437,"href":"https:\/\/marcyates.ma\/index.php\/wp-json\/wp\/v2\/product\/8015\/revisions\/10437"}],"wp:featuredmedia":[{"embeddable":true,"href":"https:\/\/marcyates.ma\/index.php\/wp-json\/wp\/v2\/media\/8031"}],"wp:attachment":[{"href":"https:\/\/marcyates.ma\/index.php\/wp-json\/wp\/v2\/media?parent=8015"}],"wp:term":[{"taxonomy":"product_cat","embeddable":true,"href":"https:\/\/marcyates.ma\/index.php\/wp-json\/wp\/v2\/product_cat?post=8015"},{"taxonomy":"product_tag","embeddable":true,"href":"https:\/\/marcyates.ma\/index.php\/wp-json\/wp\/v2\/product_tag?post=8015"}],"curies":[{"name":"wp","href":"https:\/\/api.w.org\/{rel}","templated":true}]}}