{"id":8051,"date":"2024-04-06T06:26:16","date_gmt":"2024-04-06T06:26:16","guid":{"rendered":"https:\/\/marcyates.ma\/?post_type=product&#038;p=8051"},"modified":"2024-05-10T11:34:25","modified_gmt":"2024-05-10T11:34:25","slug":"kids-iconic-150-t","status":"publish","type":"product","link":"https:\/\/marcyates.ma\/index.php\/product\/kids-iconic-150-t\/","title":{"rendered":"Tshirt Kids Iconic 150 T"},"content":{"rendered":"<div class=\"details ng-binding ng-scope\"><strong class=\"ng-binding\">GENRE:<\/strong>\u00a0Enfants;Gar\u00e7ons;Filles<\/div>\n<div class=\"details fabric ng-binding ng-scope\"><strong class=\"ng-binding\">TISSU:<\/strong>\u00a0100% cotton*;*Heather Grey 97% cotton, 3% polyester *HD, VF, HP 52% cotton, 48% polyester)<\/div>\n<div class=\"details weight ng-binding ng-scope\"><strong class=\"ng-binding\">POIDS:<\/strong>\u00a0White &amp; Heather Grey: 140 g\/m\u00b2 Colours: 150 g\/m\u00b2<\/div>\n<div class=\"details sizes\" style=\"box-sizing: border-box; text-transform: uppercase; font-weight: bold; font-size: 16px; padding-bottom: 8px; color: #222222; font-family: futura-pt, sans-serif; font-style: normal; font-variant-ligatures: normal; font-variant-caps: normal; letter-spacing: 0.8px; orphans: 2; text-align: start; text-indent: 0px; widows: 2; word-spacing: 0px; -webkit-text-stroke-width: 0px; white-space: normal; background-color: #ffffff; text-decoration-thickness: initial; text-decoration-style: initial; text-decoration-color: initial; margin: 0px 0px unset 0px;\"><strong class=\"ng-binding\">TAILLES DISPONIBLES:<\/strong>\u00a0<span class=\"ng-scope\"><span class=\"ng-binding ng-scope\">116<\/span>\u00a0<\/span><span class=\"ng-scope\"><span class=\"ng-binding ng-scope\">&#8211; 152<\/span>\u00a0<\/span><span class=\"ng-scope\"><span class=\"ng-binding ng-scope\">&#8211; 140<\/span>\u00a0<\/span><span class=\"ng-scope\"><span class=\"ng-binding ng-scope\">&#8211; 104<\/span>\u00a0<\/span><span class=\"ng-scope\"><span class=\"ng-binding ng-scope\">&#8211; 128<\/span>\u00a0<\/span><span class=\"ng-scope\"><span class=\"ng-binding ng-scope\">&#8211; 164<\/span><\/span><\/div>\n<div class=\"details ng-binding ng-scope\"><strong class=\"ng-binding\">TEMP\u00c9RATURE DE LAVAGE:<\/strong>\u00a0Laundry wash at or below 40\u00b0C<\/div>\n<div class=\"details ng-binding ng-scope\"><strong class=\"ng-binding\">\u00c9TIQUETAGE:<\/strong>\u00a0Tear Away<\/div>\n<div><\/div>\n<div>T\u00e9l\u00e9charger la fiche technique <strong><span style=\"color: #800000;\"><a style=\"color: #800000;\" href=\"https:\/\/marcyates.ma\/wp-content\/uploads\/2024\/04\/Fiches-technique-fruit-of-the-loom-my-0610230.pdf\" target=\"_blank\" rel=\"noopener\">ici<\/a><\/span><\/strong><\/div>\n","protected":false},"excerpt":{"rendered":"<p>GENRE:\u00a0Enfants;Gar\u00e7ons;Filles TISSU:\u00a0100% cotton*;*Heather Grey 97% cotton, 3% polyester *HD, VF, HP 52% cotton, 48% polyester) POIDS:\u00a0White &amp; Heather Grey: 140 g\/m\u00b2 Colours: 150 g\/m\u00b2 TAILLES DISPONIBLES:\u00a0116\u00a0&#8211; 152\u00a0&#8211; 140\u00a0&#8211; 104\u00a0&#8211; 128\u00a0&#8211; 164 TEMP\u00c9RATURE DE LAVAGE:\u00a0Laundry wash at or below 40\u00b0C \u00c9TIQUETAGE:\u00a0Tear Away T\u00e9l\u00e9charger la fiche technique ici<\/p>\n","protected":false},"featured_media":8078,"template":"","meta":{"_seopress_robots_primary_cat":"none","_seopress_titles_title":"Kids Iconic 150 T et Girls Iconic 150 T","_seopress_titles_desc":"De doux t-shirts 100% coton ringspun peign\u00e9, disponibles en plusieurs mod\u00e8les pour gar\u00e7ons et filles. Grammages, coupes et coloris au choix. Iconic c\u2019est un nom, Iconic c\u2019est un mod\u00e8le !","_seopress_robots_index":"","_monsterinsights_skip_tracking":false,"_monsterinsights_sitenote_active":false,"_monsterinsights_sitenote_note":"","_monsterinsights_sitenote_category":0},"product_cat":[95],"product_tag":[],"jetpack_sharing_enabled":true,"_links":{"self":[{"href":"https:\/\/marcyates.ma\/index.php\/wp-json\/wp\/v2\/product\/8051"}],"collection":[{"href":"https:\/\/marcyates.ma\/index.php\/wp-json\/wp\/v2\/product"}],"about":[{"href":"https:\/\/marcyates.ma\/index.php\/wp-json\/wp\/v2\/types\/product"}],"version-history":[{"count":4,"href":"https:\/\/marcyates.ma\/index.php\/wp-json\/wp\/v2\/product\/8051\/revisions"}],"predecessor-version":[{"id":10619,"href":"https:\/\/marcyates.ma\/index.php\/wp-json\/wp\/v2\/product\/8051\/revisions\/10619"}],"wp:featuredmedia":[{"embeddable":true,"href":"https:\/\/marcyates.ma\/index.php\/wp-json\/wp\/v2\/media\/8078"}],"wp:attachment":[{"href":"https:\/\/marcyates.ma\/index.php\/wp-json\/wp\/v2\/media?parent=8051"}],"wp:term":[{"taxonomy":"product_cat","embeddable":true,"href":"https:\/\/marcyates.ma\/index.php\/wp-json\/wp\/v2\/product_cat?post=8051"},{"taxonomy":"product_tag","embeddable":true,"href":"https:\/\/marcyates.ma\/index.php\/wp-json\/wp\/v2\/product_tag?post=8051"}],"curies":[{"name":"wp","href":"https:\/\/api.w.org\/{rel}","templated":true}]}}