{"id":9660,"date":"2024-04-23T16:51:08","date_gmt":"2024-04-23T16:51:08","guid":{"rendered":"https:\/\/marcyates.ma\/?post_type=product&#038;p=9660"},"modified":"2024-05-18T09:39:09","modified_gmt":"2024-05-18T09:39:09","slug":"original-t","status":"publish","type":"product","link":"https:\/\/marcyates.ma\/index.php\/product\/original-t\/","title":{"rendered":"Tshirt Original T"},"content":{"rendered":"<div class=\"details ng-binding ng-scope\"><strong class=\"ng-binding\">GENRE:<\/strong>\u00a0Unisexe;Hommes<\/div>\n<div class=\"details fabric ng-binding ng-scope\"><strong class=\"ng-binding\">TISSU:<\/strong>\u00a0100% coton*;*Gris Chin\u00e9 97% coton, 3% polyester<\/div>\n<div class=\"details weight ng-binding ng-scope\"><strong class=\"ng-binding\">POIDS:<\/strong>\u00a0White: 140 g\/m\u00b2 Colours: 145 g\/m\u00b2<\/div>\n<div class=\"details sizes\" style=\"box-sizing: border-box; text-transform: uppercase; font-weight: bold; font-size: 16px; padding-bottom: 8px; color: #222222; font-family: futura-pt, sans-serif; font-style: normal; font-variant-ligatures: normal; font-variant-caps: normal; letter-spacing: 0.8px; orphans: 2; text-align: start; text-indent: 0px; widows: 2; word-spacing: 0px; -webkit-text-stroke-width: 0px; white-space: normal; background-color: #ffffff; text-decoration-thickness: initial; text-decoration-style: initial; text-decoration-color: initial; margin: 0px 0px unset 0px;\"><strong class=\"ng-binding\">TAILLES DISPONIBLES:<\/strong>\u00a0<span class=\"ng-scope\"><span class=\"ng-binding ng-scope\">S<\/span>\u00a0<\/span><span class=\"ng-scope\"><span class=\"ng-binding ng-scope\">&#8211; M<\/span>\u00a0<\/span><span class=\"ng-scope\"><span class=\"ng-binding ng-scope\">&#8211; L<\/span>\u00a0<\/span><span class=\"ng-scope\"><span class=\"ng-binding ng-scope\">&#8211; XL<\/span>\u00a0<\/span><span class=\"ng-scope\"><span class=\"ng-binding ng-scope\">&#8211; 2XL<\/span>\u00a0<\/span><span class=\"ng-scope\"><span class=\"ng-binding ng-scope\">&#8211; 3XL<\/span>\u00a0<\/span><span class=\"ng-scope\"><span class=\"ng-binding ng-scope\">&#8211; 4XL<\/span>\u00a0<\/span><span class=\"ng-scope\"><span class=\"ng-binding ng-scope\">&#8211; 5XL<\/span><\/span><\/div>\n<div class=\"details ng-binding ng-scope\"><strong class=\"ng-binding\">TEMP\u00c9RATURE DE LAVAGE:<\/strong>\u00a0Laundry wash at or below 40\u00b0C<\/div>\n<div class=\"details ng-binding ng-scope\">\n<p><strong class=\"ng-binding\">\u00c9TIQUETAGE:<\/strong> Tear Away<\/p>\n<div class=\"details ng-binding ng-scope\"><\/div>\n<p>&nbsp;<\/p>\n<\/div>\n<div>T\u00e9l\u00e9charger la fiche technique <span style=\"color: #800000;\"><strong><a style=\"color: #800000;\" href=\"https:\/\/marcyates.ma\/wp-content\/uploads\/2024\/04\/0610820.pdf\" target=\"_blank\" rel=\"noopener\">ici<\/a><\/strong><\/span><\/div>\n<div><\/div>\n","protected":false},"excerpt":{"rendered":"<p>GENRE:\u00a0Unisexe;Hommes TISSU:\u00a0100% coton*;*Gris Chin\u00e9 97% coton, 3% polyester POIDS:\u00a0White: 140 g\/m\u00b2 Colours: 145 g\/m\u00b2 TAILLES DISPONIBLES:\u00a0S\u00a0&#8211; M\u00a0&#8211; L\u00a0&#8211; XL\u00a0&#8211; 2XL\u00a0&#8211; 3XL\u00a0&#8211; 4XL\u00a0&#8211; 5XL TEMP\u00c9RATURE DE LAVAGE:\u00a0Laundry wash at or below 40\u00b0C \u00c9TIQUETAGE: Tear Away &nbsp; T\u00e9l\u00e9charger la fiche technique ici<\/p>\n","protected":false},"featured_media":9793,"template":"","meta":{"_seopress_robots_primary_cat":"none","_seopress_titles_title":"Original T-Shirts","_seopress_titles_desc":"Disponibles en tailles homme, femme et enfants, en maille fine pour une meilleure imprimabilit\u00e9,\r\nles articles de la gamme Original T se pr\u00eatent id\u00e9alement aux promotions de masse.","_seopress_robots_index":"","_monsterinsights_skip_tracking":false,"_monsterinsights_sitenote_active":false,"_monsterinsights_sitenote_note":"","_monsterinsights_sitenote_category":0},"product_cat":[95],"product_tag":[],"jetpack_sharing_enabled":true,"_links":{"self":[{"href":"https:\/\/marcyates.ma\/index.php\/wp-json\/wp\/v2\/product\/9660"}],"collection":[{"href":"https:\/\/marcyates.ma\/index.php\/wp-json\/wp\/v2\/product"}],"about":[{"href":"https:\/\/marcyates.ma\/index.php\/wp-json\/wp\/v2\/types\/product"}],"version-history":[{"count":14,"href":"https:\/\/marcyates.ma\/index.php\/wp-json\/wp\/v2\/product\/9660\/revisions"}],"predecessor-version":[{"id":10649,"href":"https:\/\/marcyates.ma\/index.php\/wp-json\/wp\/v2\/product\/9660\/revisions\/10649"}],"wp:featuredmedia":[{"embeddable":true,"href":"https:\/\/marcyates.ma\/index.php\/wp-json\/wp\/v2\/media\/9793"}],"wp:attachment":[{"href":"https:\/\/marcyates.ma\/index.php\/wp-json\/wp\/v2\/media?parent=9660"}],"wp:term":[{"taxonomy":"product_cat","embeddable":true,"href":"https:\/\/marcyates.ma\/index.php\/wp-json\/wp\/v2\/product_cat?post=9660"},{"taxonomy":"product_tag","embeddable":true,"href":"https:\/\/marcyates.ma\/index.php\/wp-json\/wp\/v2\/product_tag?post=9660"}],"curies":[{"name":"wp","href":"https:\/\/api.w.org\/{rel}","templated":true}]}}